{"id":19350,"date":"2024-02-28T16:12:38","date_gmt":"2024-02-28T15:12:38","guid":{"rendered":"https:\/\/interamericancoffee.de\/ueber-uns\/"},"modified":"2026-02-25T10:09:13","modified_gmt":"2026-02-25T09:09:13","slug":"ueber-uns","status":"publish","type":"page","link":"https:\/\/interamericancoffee.de\/de\/ueber-uns\/","title":{"rendered":"\u00dcber uns"},"content":{"rendered":"<p><div class=\"fusion-fullwidth fullwidth-box fusion-builder-row-1 fusion-flex-container has-pattern-background has-mask-background fusion-parallax-none hundred-percent-fullwidth non-hundred-percent-height-scrolling\" style=\"--awb-border-sizes-top:0px;--awb-border-sizes-bottom:0px;--awb-border-sizes-left:0px;--awb-border-sizes-right:0px;--awb-border-radius-top-left:0px;--awb-border-radius-top-right:0px;--awb-border-radius-bottom-right:0px;--awb-border-radius-bottom-left:0px;--awb-padding-right:0px;--awb-padding-left:0px;--awb-margin-bottom:0px;--awb-min-height:400px;--awb-min-height-medium:640px;--awb-min-height-small:640px;--awb-background-image:url(&quot;https:\/\/interamericancoffee.de\/wp-content\/uploads\/2024\/02\/Turm.jpg&quot;);--awb-background-size:cover;--awb-flex-wrap:wrap;\" id=\"page-header-home\" ><div class=\"fusion-builder-row fusion-row fusion-flex-align-items-center fusion-flex-align-content-center fusion-flex-justify-content-center fusion-flex-content-wrap\" style=\"width:calc( 100% + 0px ) !important;max-width:calc( 100% + 0px ) !important;margin-left: calc(-0px \/ 2 );margin-right: calc(-0px \/ 2 );\"><div class=\"fusion-layout-column fusion_builder_column fusion-builder-column-0 fusion_builder_column_2_5 2_5 fusion-flex-column fusion-flex-align-self-flex-start fusion-column-no-min-height fusion-animated\" style=\"--awb-padding-top:50px;--awb-padding-right:50px;--awb-padding-bottom:50px;--awb-padding-left:50px;--awb-bg-size:cover;--awb-width-large:40%;--awb-margin-top-large:0px;--awb-spacing-right-large:0px;--awb-margin-bottom-large:0px;--awb-spacing-left-large:0px;--awb-width-medium:50%;--awb-order-medium:0;--awb-spacing-right-medium:0px;--awb-spacing-left-medium:0px;--awb-width-small:80%;--awb-order-small:0;--awb-spacing-right-small:0px;--awb-spacing-left-small:0px;\" data-animationType=\"fadeInLeft\" data-animationDuration=\"0.3\" data-animationOffset=\"top-into-view\" data-scroll-devices=\"small-visibility,medium-visibility,large-visibility\"><div class=\"fusion-column-wrapper fusion-column-has-shadow fusion-flex-justify-content-center fusion-content-layout-column\"><div class=\"fusion-text fusion-text-1 fusion-text-no-margin\" style=\"--awb-margin-bottom:10px;\" id=\"header-text\"><h1 style=\"text-align: center;\"><span style=\"color: #ffffff;\">\u00dcber uns<\/span><\/h1>\n<\/div><div class=\"fusion-separator\" style=\"align-self: center;margin-left: auto;margin-right: auto;width:100%;max-width:100px;\"><div class=\"fusion-separator-border sep-single sep-solid\" style=\"--awb-height:20px;--awb-amount:20px;--awb-sep-color:var(--awb-color2);border-color:var(--awb-color2);border-top-width:5px;\"><\/div><\/div><\/div><\/div><\/div><\/div><div class=\"fusion-fullwidth fullwidth-box fusion-builder-row-2 fusion-flex-container has-pattern-background has-mask-background hundred-percent-fullwidth non-hundred-percent-height-scrolling fusion-sticky-container\" style=\"--awb-border-radius-top-left:0px;--awb-border-radius-top-right:0px;--awb-border-radius-bottom-right:0px;--awb-border-radius-bottom-left:0px;--awb-padding-top:0px;--awb-padding-right:0px;--awb-padding-bottom:0px;--awb-padding-left:0px;--awb-margin-top:0px;--awb-flex-wrap:wrap;\" data-transition-offset=\"0\" data-scroll-offset=\"0\" data-sticky-small-visibility=\"1\" data-sticky-medium-visibility=\"1\" data-sticky-large-visibility=\"1\" ><div class=\"fusion-builder-row fusion-row fusion-flex-align-items-flex-start fusion-flex-content-wrap\" style=\"width:102% !important;max-width:102% !important;margin-left: calc(-2% \/ 2 );margin-right: calc(-2% \/ 2 );\"><div class=\"fusion-layout-column fusion_builder_column fusion-builder-column-1 fusion_builder_column_1_1 1_1 fusion-flex-column\" style=\"--awb-bg-size:cover;--awb-width-large:100%;--awb-margin-top-large:0px;--awb-spacing-right-large:0.98%;--awb-margin-bottom-large:20px;--awb-spacing-left-large:0.98%;--awb-width-medium:100%;--awb-order-medium:0;--awb-spacing-right-medium:0.98%;--awb-spacing-left-medium:0.98%;--awb-width-small:100%;--awb-order-small:0;--awb-spacing-right-small:0.98%;--awb-spacing-left-small:0.98%;\"><div class=\"fusion-column-wrapper fusion-column-has-shadow fusion-flex-justify-content-flex-start fusion-content-layout-column\"><div class=\"gradient-bar\"><\/div><\/div><\/div><\/div><\/div><div class=\"fusion-fullwidth fullwidth-box fusion-builder-row-3 fusion-flex-container has-pattern-background has-mask-background nonhundred-percent-fullwidth non-hundred-percent-height-scrolling\" style=\"--awb-border-radius-top-left:0px;--awb-border-radius-top-right:0px;--awb-border-radius-bottom-right:0px;--awb-border-radius-bottom-left:0px;--awb-margin-top:100px;--awb-margin-bottom:100px;--awb-margin-top-medium:75px;--awb-margin-bottom-medium:75px;--awb-margin-top-small:50px;--awb-margin-bottom-small:50px;--awb-flex-wrap:wrap;\" ><div class=\"fusion-builder-row fusion-row fusion-flex-align-items-center fusion-flex-justify-content-center fusion-flex-content-wrap\" style=\"max-width:1224px;margin-left: calc(-2% \/ 2 );margin-right: calc(-2% \/ 2 );\"><div class=\"fusion-layout-column fusion_builder_column fusion-builder-column-2 fusion_builder_column_1_1 1_1 fusion-flex-column fusion-flex-align-self-flex-start\" style=\"--awb-bg-size:cover;--awb-width-large:100%;--awb-margin-top-large:0px;--awb-spacing-right-large:0.98%;--awb-margin-bottom-large:0px;--awb-spacing-left-large:0.98%;--awb-width-medium:100%;--awb-order-medium:0;--awb-spacing-right-medium:0.98%;--awb-spacing-left-medium:0.98%;--awb-width-small:100%;--awb-order-small:0;--awb-spacing-right-small:0.98%;--awb-spacing-left-small:0.98%;\"><div class=\"fusion-column-wrapper fusion-column-has-shadow fusion-flex-justify-content-center fusion-content-layout-column\"><div class=\"fusion-text fusion-text-2\"><h1 class=\"fusion-responsive-typography-calculated\" style=\"--fontsize: 40; line-height: 1.3;\" data-fontsize=\"40\" data-lineheight=\"52px\"><span style=\"color: #066330;\">\u00dcber InterAmerican Coffee<\/span><\/h1>\n<\/div><div class=\"fusion-text fusion-text-3\"><p class=\"fusion-responsive-typography-calculated\" style=\"--fontsize: 20; line-height: 1.42;\" data-fontsize=\"20\" data-lineheight=\"28.4px\"><span style=\"color: #000000;\">InterAmerican Coffee GmbH wurde 1988 in Hamburg, Deutschland, gegr\u00fcndet. Urspr\u00fcnglich als kleines Kaffeehandelsunternehmen gestartet, entwickelte sich das Unternehmen schnell zu einem der f\u00fchrenden Kaffeeimporteure Europas. Durch kontinuierliches Wachstum, strategische Partnerschaften und den Beitritt zur <span style=\"color: #066330;\"><strong><a style=\"color: #066330;\" href=\"https:\/\/www.nkg.net\/de\/\">Neumann Kaffee Gruppe<\/a><\/strong><\/span> im Jahr 2000 hat sich das Unternehmen zu einem wichtigen Akteur in der globalen Kaffeeindustrie entwickelt. <\/span><\/p>\n<p class=\"fusion-responsive-typography-calculated\" style=\"--fontsize: 20; line-height: 1.42;\" data-fontsize=\"20\" data-lineheight=\"28.4px\"><span style=\"color: #000000;\">Heute stehen wir f\u00fcr <span style=\"color: #066330;\"><strong>Qualit\u00e4t, Nachhaltigkeit, <\/strong><strong>Exzellenz<\/strong><\/span> und <strong><span style=\"color: #066330;\">Zuverl\u00e4ssigkeit<\/span> <\/strong>in der Kaffeeindustrie und beliefern Kunden weltweit mit <\/span><span style=\"color: #066330;\"><strong>hochwertigen Kaffeesorten<\/strong>.<\/span><\/p>\n<p class=\"fusion-responsive-typography-calculated\" style=\"--fontsize: 20; line-height: 1.42;\" data-fontsize=\"20\" data-lineheight=\"28.4px\"><span style=\"color: #000000;\">In den folgenden Jahrzehnten hat InterAmerican Coffee sein Netzwerk erweitert und deckt nun alle Bereiche der Lieferkette f\u00fcr Rohkaffee ab: vom <strong><span style=\"color: #066330;\">Anbau, Beschaffung,<\/span> <span style=\"color: #066330;\">Vertrieb<\/span><\/strong> und<span style=\"color: #066330;\"><strong> Logistik<\/strong><\/span> bis hin zur <span style=\"color: #066330;\"><strong>Qualit\u00e4tskontrolle<\/strong>.<\/span><\/span><br \/>\n<span style=\"color: #000000;\">Gegr\u00fcndet, um die besten Spezialit\u00e4tenkaffees der Welt zu importieren und zu vertreiben.<\/span><\/p>\n<\/div><\/div><\/div><\/div><\/div><div class=\"fusion-fullwidth fullwidth-box fusion-builder-row-4 fusion-flex-container has-pattern-background has-mask-background fusion-parallax-none nonhundred-percent-fullwidth non-hundred-percent-height-scrolling\" style=\"--awb-border-radius-top-left:0px;--awb-border-radius-top-right:0px;--awb-border-radius-bottom-right:0px;--awb-border-radius-bottom-left:0px;--awb-padding-top:50px;--awb-padding-bottom:50px;--awb-margin-top:100px;--awb-margin-bottom:100px;--awb-margin-top-medium:75px;--awb-margin-bottom-medium:75px;--awb-margin-top-small:50px;--awb-margin-bottom-small:50px;--awb-background-image:url(&quot;https:\/\/interamericancoffee.de\/wp-content\/uploads\/2025\/01\/Uganda-Allgemein-3-scaled.jpg&quot;);--awb-background-size:cover;--awb-flex-wrap:wrap;\" ><div class=\"fusion-builder-row fusion-row fusion-flex-align-items-flex-start fusion-flex-justify-content-center fusion-flex-content-wrap\" style=\"max-width:1224px;margin-left: calc(-2% \/ 2 );margin-right: calc(-2% \/ 2 );\"><div class=\"fusion-layout-column fusion_builder_column fusion-builder-column-3 fusion_builder_column_1_1 1_1 fusion-flex-column\" style=\"--awb-padding-top:50px;--awb-padding-right:50px;--awb-padding-bottom:50px;--awb-padding-left:50px;--awb-bg-size:cover;--awb-width-large:100%;--awb-margin-top-large:0px;--awb-spacing-right-large:0.98%;--awb-margin-bottom-large:20px;--awb-spacing-left-large:0.98%;--awb-width-medium:100%;--awb-order-medium:0;--awb-spacing-right-medium:0.98%;--awb-spacing-left-medium:0.98%;--awb-width-small:100%;--awb-order-small:0;--awb-spacing-right-small:0.98%;--awb-spacing-left-small:0.98%;\" data-scroll-devices=\"small-visibility,medium-visibility,large-visibility\"><div class=\"fusion-column-wrapper fusion-column-has-shadow fusion-flex-justify-content-flex-start fusion-content-layout-column\"><div class=\"fusion-text fusion-text-4\" style=\"--awb-font-size:50px;\"><h1 style=\"text-align: center;\"><span style=\"color: #ffffff;\">Was wir Euch bieten k\u00f6nnen<\/span><\/h1>\n<\/div><div class=\"fusion-separator fusion-full-width-sep\" style=\"align-self: center;margin-left: auto;margin-right: auto;margin-bottom:50px;width:100%;\"><\/div><div class=\"fusion-builder-row fusion-builder-row-inner fusion-row fusion-flex-align-items-flex-start fusion-flex-justify-content-center fusion-flex-content-wrap\" style=\"width:102% !important;max-width:102% !important;margin-left: calc(-2% \/ 2 );margin-right: calc(-2% \/ 2 );\"><div class=\"fusion-layout-column fusion_builder_column_inner fusion-builder-nested-column-0 fusion_builder_column_inner_1_3 1_3 fusion-flex-column fusion-column-inner-bg-wrapper\" style=\"--awb-inner-bg-size:cover;--awb-width-large:33.333333333333%;--awb-margin-top-large:0px;--awb-spacing-right-large:25px;--awb-margin-bottom-large:20px;--awb-spacing-left-large:25px;--awb-width-medium:100%;--awb-order-medium:0;--awb-spacing-right-medium:0.98%;--awb-spacing-left-medium:0.98%;--awb-width-small:100%;--awb-order-small:0;--awb-spacing-right-small:0.98%;--awb-spacing-left-small:0.98%;\"><span class=\"fusion-column-inner-bg hover-type-none\"><a class=\"fusion-column-anchor\" href=\"https:\/\/interamericancoffee.de\/de\/trade\/\"><span class=\"fusion-column-inner-bg-image\"><\/span><\/a><\/span><div class=\"fusion-column-wrapper fusion-column-has-shadow fusion-flex-justify-content-flex-start fusion-content-layout-column\"><div class=\"fusion-text fusion-text-5\"><h5><span style=\"color: #ffffff;\">Trade<\/span><\/h5>\n<\/div><div class=\"fusion-separator\" style=\"align-self: flex-start;margin-right:auto;margin-top:\u00b45px;margin-bottom:10px;width:100%;max-width:100px;\"><div class=\"fusion-separator-border sep-single sep-solid\" style=\"--awb-height:20px;--awb-amount:20px;--awb-sep-color:var(--awb-color2);border-color:var(--awb-color2);border-top-width:5px;\"><\/div><\/div><div class=\"fusion-text fusion-text-6\"><h6><span style=\"color: #ffffff;\">\u00dcber globale Partner bieten wir Marktkenntnisse, ma\u00dfgeschneiderte L\u00f6sungen und Unterst\u00fctzung bei der Beschaffung.<\/span><\/h6>\n<\/div><\/div><\/div><div class=\"fusion-layout-column fusion_builder_column_inner fusion-builder-nested-column-1 fusion_builder_column_inner_1_3 1_3 fusion-flex-column fusion-column-inner-bg-wrapper\" style=\"--awb-inner-bg-size:cover;--awb-width-large:33.333333333333%;--awb-margin-top-large:0px;--awb-spacing-right-large:25px;--awb-margin-bottom-large:20px;--awb-spacing-left-large:25px;--awb-width-medium:100%;--awb-order-medium:0;--awb-spacing-right-medium:0.98%;--awb-spacing-left-medium:0.98%;--awb-width-small:100%;--awb-order-small:0;--awb-spacing-right-small:0.98%;--awb-spacing-left-small:0.98%;\"><span class=\"fusion-column-inner-bg hover-type-none\"><a class=\"fusion-column-anchor\" href=\"https:\/\/interamericancoffee.de\/de\/qualitaetssicherung\/\"><span class=\"fusion-column-inner-bg-image\"><\/span><\/a><\/span><div class=\"fusion-column-wrapper fusion-column-has-shadow fusion-flex-justify-content-flex-start fusion-content-layout-column\"><div class=\"fusion-text fusion-text-7\"><h5><span style=\"color: #ffffff;\">Quality-Control<\/span><\/h5>\n<\/div><div class=\"fusion-separator\" style=\"align-self: flex-start;margin-right:auto;margin-top:\u00b45px;margin-bottom:10px;width:100%;max-width:100px;\"><div class=\"fusion-separator-border sep-single sep-solid\" style=\"--awb-height:20px;--awb-amount:20px;--awb-sep-color:var(--awb-color2);border-color:var(--awb-color2);border-top-width:5px;\"><\/div><\/div><div class=\"fusion-text fusion-text-8\"><h6><span style=\"color: #ffffff;\">Wir sichern die Qualit\u00e4t durch Bewertungen nach SCA Standard und bieten die Auswahl von Rohkaffee, die Erstellung von Tassen- und R\u00f6stprofilen, die Entwicklung von Mischungen sowie zerzifizierte SCA- und Q-Grader-Kurse an.<\/span><\/h6>\n<\/div><\/div><\/div><div class=\"fusion-layout-column fusion_builder_column_inner fusion-builder-nested-column-2 fusion_builder_column_inner_1_3 1_3 fusion-flex-column fusion-column-inner-bg-wrapper\" style=\"--awb-inner-bg-size:cover;--awb-width-large:33.333333333333%;--awb-margin-top-large:0px;--awb-spacing-right-large:25px;--awb-margin-bottom-large:20px;--awb-spacing-left-large:25px;--awb-width-medium:100%;--awb-order-medium:0;--awb-spacing-right-medium:0.98%;--awb-spacing-left-medium:0.98%;--awb-width-small:100%;--awb-order-small:0;--awb-spacing-right-small:0.98%;--awb-spacing-left-small:0.98%;\"><span class=\"fusion-column-inner-bg hover-type-none\"><a class=\"fusion-column-anchor\" href=\"https:\/\/interamericancoffee.de\/de\/logistik\/\"><span class=\"fusion-column-inner-bg-image\"><\/span><\/a><\/span><div class=\"fusion-column-wrapper fusion-column-has-shadow fusion-flex-justify-content-flex-start fusion-content-layout-column\"><div class=\"fusion-text fusion-text-9\"><h5><span style=\"color: #ffffff;\">Logistik<\/span><\/h5>\n<\/div><div class=\"fusion-separator\" style=\"align-self: flex-start;margin-right:auto;margin-top:\u00b45px;margin-bottom:10px;width:100%;max-width:100px;\"><div class=\"fusion-separator-border sep-single sep-solid\" style=\"--awb-height:20px;--awb-amount:20px;--awb-sep-color:var(--awb-color2);border-color:var(--awb-color2);border-top-width:5px;\"><\/div><\/div><div class=\"fusion-text fusion-text-10\"><h6><span style=\"color: #ffffff;\">Lasst uns euren Kaffee auf eure Art liefern: FOB-Ursprung, CFR\/CIF-Bestimmung oder FCA Hamburg\/DDP Bestimmung.<\/span><\/h6>\n<\/div><\/div><\/div><\/div><\/div><\/div><\/div><\/div><div class=\"fusion-fullwidth fullwidth-box fusion-builder-row-5 fusion-flex-container nonhundred-percent-fullwidth non-hundred-percent-height-scrolling\" style=\"--awb-border-radius-top-left:0px;--awb-border-radius-top-right:0px;--awb-border-radius-bottom-right:0px;--awb-border-radius-bottom-left:0px;--awb-flex-wrap:wrap;\" ><div class=\"fusion-builder-row fusion-row fusion-flex-align-items-flex-start fusion-flex-content-wrap\" style=\"max-width:1224px;margin-left: calc(-2% \/ 2 );margin-right: calc(-2% \/ 2 );\"><div class=\"fusion-layout-column fusion_builder_column fusion-builder-column-4 fusion_builder_column_1_1 1_1 fusion-flex-column\" style=\"--awb-bg-size:cover;--awb-width-large:100%;--awb-margin-top-large:0px;--awb-spacing-right-large:0.98%;--awb-margin-bottom-large:20px;--awb-spacing-left-large:0.98%;--awb-width-medium:100%;--awb-order-medium:0;--awb-spacing-right-medium:0.98%;--awb-spacing-left-medium:0.98%;--awb-width-small:100%;--awb-order-small:0;--awb-spacing-right-small:0.98%;--awb-spacing-left-small:0.98%;\"><div class=\"fusion-column-wrapper fusion-column-has-shadow fusion-flex-justify-content-flex-start fusion-content-layout-column\"><div class=\"fusion-text fusion-text-11\"><h2 class=\"fusion-responsive-typography-calculated\" style=\"--fontsize: 40; line-height: 1.3;\" data-fontsize=\"40\" data-lineheight=\"52px\"><\/h2>\n<p>&nbsp;<\/p>\n<h2 class=\"fusion-responsive-typography-calculated\" style=\"--fontsize: 40; line-height: 1.3;\" data-fontsize=\"40\" data-lineheight=\"52px\"><span style=\"color: #066330;\">NKG Netzwerk<\/span><\/h2>\n<\/div><\/div><\/div><div class=\"fusion-layout-column fusion_builder_column fusion-builder-column-5 fusion_builder_column_1_3 1_3 fusion-flex-column\" style=\"--awb-bg-blend:overlay;--awb-bg-size:cover;--awb-width-large:33.333333333333%;--awb-margin-top-large:0px;--awb-spacing-right-large:3.92%;--awb-margin-bottom-large:0px;--awb-spacing-left-large:2.94%;--awb-width-medium:100%;--awb-spacing-right-medium:0.98%;--awb-spacing-left-medium:0.98%;--awb-width-small:100%;--awb-spacing-right-small:0.98%;--awb-spacing-left-small:0.98%;\"><div class=\"fusion-column-wrapper fusion-flex-justify-content-flex-start fusion-content-layout-column\"><div class=\"fusion-separator fusion-full-width-sep\" style=\"align-self: center;margin-left: auto;margin-right: auto;margin-top:25px;width:100%;\"><\/div><div class=\"fusion-separator fusion-full-width-sep\" style=\"align-self: center;margin-left: auto;margin-right: auto;margin-top:25px;width:100%;\"><\/div><div class=\"fusion-text fusion-text-12\"><p>InterAmerican Coffee GmbH ist Teil der <a href=\"https:\/\/www.nkg.net\/\" target=\"_blank\" rel=\"noopener\">Neumann Kaffee Gruppe<\/a>, der weltweit f\u00fchrenden Dienstleistungsgruppe f\u00fcr Rohkaffee. Die NKG hat sich ganz dem Rohkaffee verschrieben und umfasst Unternehmen wie Kaffeefarmen, M\u00fchlen, Exporteure und Importeure.<\/p>\n<p>In Europa geh\u00f6ren dazu unsere Schwester-Importunternehmen InterAmerican Coffee Ltd. und InterAmerican Coffee.<br \/>\nWir sind verschiedene Unternehmen mit unterschiedlichen Kompetenzen, Teams und Angeboten.<\/p>\n<p>Durch unsere Beziehungen und die gro\u00dfe Reichweite unserer NKG-Schwesterunternehmen ist InterAmerican Coffee in der Lage, seinen Kunden Einblicke in Logistik und Forschung, Plattformen f\u00fcr die Entwicklung von Projekten, Zugang zu herkunfts- und marktspezifischem Fachwissen und eine konsistente Versorgung mit frischem, r\u00fcckverfolgbarem und nachhaltigem Kaffee zu bieten.<\/p>\n<\/div><\/div><\/div><div class=\"fusion-layout-column fusion_builder_column fusion-builder-column-6 fusion_builder_column_2_3 2_3 fusion-flex-column\" style=\"--awb-bg-size:cover;--awb-width-large:66.666666666667%;--awb-margin-top-large:0px;--awb-spacing-right-large:1.47%;--awb-margin-bottom-large:5px;--awb-spacing-left-large:1.47%;--awb-width-medium:100%;--awb-order-medium:0;--awb-spacing-right-medium:0.98%;--awb-spacing-left-medium:0.98%;--awb-width-small:100%;--awb-order-small:0;--awb-spacing-right-small:0.98%;--awb-spacing-left-small:0.98%;\"><div class=\"fusion-column-wrapper fusion-column-has-shadow fusion-flex-justify-content-center fusion-content-layout-column\"><div class=\"fusion-image-element \" style=\"--awb-caption-title-font-family:var(--h2_typography-font-family);--awb-caption-title-font-weight:var(--h2_typography-font-weight);--awb-caption-title-font-style:var(--h2_typography-font-style);--awb-caption-title-size:var(--h2_typography-font-size);--awb-caption-title-transform:var(--h2_typography-text-transform);--awb-caption-title-line-height:var(--h2_typography-line-height);--awb-caption-title-letter-spacing:var(--h2_typography-letter-spacing);\"><span class=\" fusion-imageframe imageframe-none imageframe-1 hover-type-none\"><img decoding=\"async\" width=\"800\" height=\"450\" title=\"nkg-map-logo-800&#215;450\" src=\"https:\/\/interamericancoffee.de\/wp-content\/uploads\/2024\/09\/nkg-map-logo-800x450-1.png\" alt class=\"img-responsive wp-image-18719\" srcset=\"https:\/\/interamericancoffee.de\/wp-content\/uploads\/2024\/09\/nkg-map-logo-800x450-1-200x113.png 200w, https:\/\/interamericancoffee.de\/wp-content\/uploads\/2024\/09\/nkg-map-logo-800x450-1-400x225.png 400w, https:\/\/interamericancoffee.de\/wp-content\/uploads\/2024\/09\/nkg-map-logo-800x450-1-600x338.png 600w, https:\/\/interamericancoffee.de\/wp-content\/uploads\/2024\/09\/nkg-map-logo-800x450-1.png 800w\" sizes=\"(max-width: 1024px) 100vw, (max-width: 640px) 100vw, 800px\" \/><\/span><\/div><\/div><\/div><div class=\"fusion-layout-column fusion_builder_column fusion-builder-column-7 fusion_builder_column_1_1 1_1 fusion-flex-column\" style=\"--awb-bg-size:cover;--awb-width-large:100%;--awb-margin-top-large:0px;--awb-spacing-right-large:0.98%;--awb-margin-bottom-large:20px;--awb-spacing-left-large:0.98%;--awb-width-medium:100%;--awb-order-medium:0;--awb-spacing-right-medium:0.98%;--awb-spacing-left-medium:0.98%;--awb-width-small:100%;--awb-order-small:0;--awb-spacing-right-small:0.98%;--awb-spacing-left-small:0.98%;\"><div class=\"fusion-column-wrapper fusion-column-has-shadow fusion-flex-justify-content-flex-start fusion-content-layout-column\"><div class=\"fusion-separator fusion-full-width-sep\" style=\"align-self: center;margin-left: auto;margin-right: auto;margin-top:25px;width:100%;\"><\/div><div class=\"fusion-separator fusion-full-width-sep\" style=\"align-self: center;margin-left: auto;margin-right: auto;margin-top:25px;width:100%;\"><\/div><\/div><\/div><\/div><\/div><\/p>\n","protected":false},"excerpt":{"rendered":"","protected":false},"author":4,"featured_media":0,"parent":0,"menu_order":0,"comment_status":"closed","ping_status":"closed","template":"100-width.php","meta":{"_acf_changed":false,"footnotes":""},"class_list":["post-19350","page","type-page","status-publish","hentry"],"acf":[],"_links":{"self":[{"href":"https:\/\/interamericancoffee.de\/de\/wp-json\/wp\/v2\/pages\/19350","targetHints":{"allow":["GET"]}}],"collection":[{"href":"https:\/\/interamericancoffee.de\/de\/wp-json\/wp\/v2\/pages"}],"about":[{"href":"https:\/\/interamericancoffee.de\/de\/wp-json\/wp\/v2\/types\/page"}],"author":[{"embeddable":true,"href":"https:\/\/interamericancoffee.de\/de\/wp-json\/wp\/v2\/users\/4"}],"replies":[{"embeddable":true,"href":"https:\/\/interamericancoffee.de\/de\/wp-json\/wp\/v2\/comments?post=19350"}],"version-history":[{"count":27,"href":"https:\/\/interamericancoffee.de\/de\/wp-json\/wp\/v2\/pages\/19350\/revisions"}],"predecessor-version":[{"id":21071,"href":"https:\/\/interamericancoffee.de\/de\/wp-json\/wp\/v2\/pages\/19350\/revisions\/21071"}],"wp:attachment":[{"href":"https:\/\/interamericancoffee.de\/de\/wp-json\/wp\/v2\/media?parent=19350"}],"curies":[{"name":"wp","href":"https:\/\/api.w.org\/{rel}","templated":true}]}}