{"id":19382,"date":"2023-03-08T10:05:30","date_gmt":"2023-03-08T09:05:30","guid":{"rendered":"https:\/\/interamericancoffee.de\/impressum\/"},"modified":"2025-08-11T15:49:52","modified_gmt":"2025-08-11T13:49:52","slug":"impressum","status":"publish","type":"page","link":"https:\/\/interamericancoffee.de\/de\/impressum\/","title":{"rendered":"Impressum"},"content":{"rendered":"<p><div id=\"responsible-business-program\" class=\"fusion-container-anchor\"><div class=\"fusion-fullwidth fullwidth-box fusion-builder-row-1 fusion-flex-container nonhundred-percent-fullwidth non-hundred-percent-height-scrolling\" style=\"--awb-border-radius-top-left:0px;--awb-border-radius-top-right:0px;--awb-border-radius-bottom-right:0px;--awb-border-radius-bottom-left:0px;--awb-padding-right-medium:50px;--awb-padding-left-medium:50px;--awb-padding-right-small:20px;--awb-padding-left-small:20px;--awb-margin-top:100px;--awb-margin-bottom:50px;--awb-margin-top-medium:75px;--awb-margin-bottom-medium:75px;--awb-margin-top-small:50px;--awb-margin-bottom-small:50px;--awb-flex-wrap:wrap;\" ><div class=\"fusion-builder-row fusion-row fusion-flex-align-items-flex-start fusion-flex-justify-content-center fusion-flex-content-wrap\" style=\"max-width:1224px;margin-left: calc(-2% \/ 2 );margin-right: calc(-2% \/ 2 );\"><div class=\"fusion-layout-column fusion_builder_column fusion-builder-column-0 fusion_builder_column_1_1 1_1 fusion-flex-column\" style=\"--awb-bg-size:cover;--awb-width-large:100%;--awb-margin-top-large:0px;--awb-spacing-right-large:0.98%;--awb-margin-bottom-large:20px;--awb-spacing-left-large:0.98%;--awb-width-medium:100%;--awb-order-medium:0;--awb-spacing-right-medium:0.98%;--awb-spacing-left-medium:0.98%;--awb-width-small:100%;--awb-order-small:0;--awb-spacing-right-small:0.98%;--awb-spacing-left-small:0.98%;\"><div class=\"fusion-column-wrapper fusion-column-has-shadow fusion-flex-justify-content-flex-start fusion-content-layout-column\"><div class=\"fusion-text fusion-text-1\" style=\"--awb-text-transform:none;\"><h1 style=\"text-align: center;\">Impressum<\/h1>\n<\/div><div class=\"fusion-separator fusion-full-width-sep\" style=\"align-self: center;margin-left: auto;margin-right: auto;margin-bottom:40px;width:100%;\"><\/div><\/div><\/div><div class=\"fusion-layout-column fusion_builder_column fusion-builder-column-1 fusion_builder_column_1_2 1_2 fusion-flex-column\" style=\"--awb-bg-size:cover;--awb-width-large:50%;--awb-margin-top-large:0px;--awb-spacing-right-large:1.96%;--awb-margin-bottom-large:20px;--awb-spacing-left-large:1.96%;--awb-width-medium:80%;--awb-order-medium:0;--awb-spacing-right-medium:1.225%;--awb-spacing-left-medium:1.225%;--awb-width-small:100%;--awb-order-small:0;--awb-spacing-right-small:0.98%;--awb-spacing-left-small:0.98%;\"><div class=\"fusion-column-wrapper fusion-column-has-shadow fusion-flex-justify-content-flex-start fusion-content-layout-column\"><div class=\"fusion-text fusion-text-2\"><p><strong>Angaben gem\u00e4\u00df \u00a75 (TMG)<\/strong><br \/>\nNeumann Gruppe GmbH<br \/>\nCoffee Plaza<br \/>\nAm Sandtorpark 4<br \/>\n20457 Hamburg<br \/>\nGermany<\/p>\n<p><strong>Vertreten durch:<\/strong><br \/>\nDavid M. Neumann | Justin Schulze-Smidt | Maren Uzarek<\/p>\n<p><strong>Inhaltlich Verantwortliche gem\u00e4\u00df \u00a755 (2)<\/strong><br \/>\n<strong>German Interstate Agreement on Broadcasting (RStV)<\/strong><br \/>\nLena Tippel, Group Communications (address as above)<\/p>\n<p style=\"text-align: left;\"><strong>Kontakt:<\/strong><br \/>\nTel.: +49 (0) 40 &#8211; 36123-0<br \/>\nFax: +49 (40) 36123 400<br \/>\nE-Mail: info@nkg.coffee<\/p>\n<\/div><\/div><\/div><div class=\"fusion-layout-column fusion_builder_column fusion-builder-column-2 fusion_builder_column_1_2 1_2 fusion-flex-column\" style=\"--awb-bg-size:cover;--awb-width-large:50%;--awb-margin-top-large:0px;--awb-spacing-right-large:1.96%;--awb-margin-bottom-large:20px;--awb-spacing-left-large:1.96%;--awb-width-medium:80%;--awb-order-medium:0;--awb-spacing-right-medium:1.225%;--awb-spacing-left-medium:1.225%;--awb-width-small:100%;--awb-order-small:0;--awb-spacing-right-small:0.98%;--awb-spacing-left-small:0.98%;\"><div class=\"fusion-column-wrapper fusion-column-has-shadow fusion-flex-justify-content-flex-start fusion-content-layout-column\"><div class=\"fusion-text fusion-text-3\"><p style=\"text-align: left;\"><strong>Postanschrift:<\/strong><br \/>\nNeumann Gruppe GmbH<br \/>\nP.O. Box 11 06 29<br \/>\n20406 Hamburg<br \/>\nDeutschland<\/p>\n<p style=\"text-align: left;\"><strong>Umsatzsteuer-ID:<\/strong><br \/>\nUmsatzsteuer-Identifikationsnummer gem\u00e4\u00df \u00a727a Umsatzsteuergesetz:<br \/>\nDE118514227<\/p>\n<p>Amtsgericht Hamburg,<br \/>\nRegister Number: HRB 66888<\/p>\n<\/div><\/div><\/div><\/div><\/div><\/div><div id=\"responsible-business-program\" class=\"fusion-container-anchor\"><div class=\"fusion-fullwidth fullwidth-box fusion-builder-row-2 fusion-flex-container nonhundred-percent-fullwidth non-hundred-percent-height-scrolling\" style=\"--awb-border-radius-top-left:0px;--awb-border-radius-top-right:0px;--awb-border-radius-bottom-right:0px;--awb-border-radius-bottom-left:0px;--awb-padding-right-medium:50px;--awb-padding-left-medium:50px;--awb-padding-right-small:20px;--awb-padding-left-small:20px;--awb-margin-top:100px;--awb-margin-bottom:50px;--awb-margin-top-medium:75px;--awb-margin-bottom-medium:75px;--awb-margin-top-small:50px;--awb-margin-bottom-small:50px;--awb-flex-wrap:wrap;\" ><div class=\"fusion-builder-row fusion-row fusion-flex-align-items-flex-start fusion-flex-justify-content-center fusion-flex-content-wrap\" style=\"max-width:1224px;margin-left: calc(-2% \/ 2 );margin-right: calc(-2% \/ 2 );\"><div class=\"fusion-layout-column fusion_builder_column fusion-builder-column-3 fusion_builder_column_1_1 1_1 fusion-flex-column\" style=\"--awb-bg-size:cover;--awb-width-large:100%;--awb-margin-top-large:0px;--awb-spacing-right-large:0.98%;--awb-margin-bottom-large:20px;--awb-spacing-left-large:0.98%;--awb-width-medium:100%;--awb-order-medium:0;--awb-spacing-right-medium:0.98%;--awb-spacing-left-medium:0.98%;--awb-width-small:100%;--awb-order-small:0;--awb-spacing-right-small:0.98%;--awb-spacing-left-small:0.98%;\"><div class=\"fusion-column-wrapper fusion-column-has-shadow fusion-flex-justify-content-flex-start fusion-content-layout-column\"><div class=\"fusion-text fusion-text-4\" style=\"--awb-text-transform:none;\"><h1 style=\"text-align: center;\">Unternehmensf\u00fchrung<\/h1>\n<\/div><div class=\"fusion-separator fusion-full-width-sep\" style=\"align-self: center;margin-left: auto;margin-right: auto;margin-bottom:40px;width:100%;\"><\/div><\/div><\/div><div class=\"fusion-layout-column fusion_builder_column fusion-builder-column-4 fusion_builder_column_1_1 1_1 fusion-flex-column\" style=\"--awb-bg-size:cover;--awb-width-large:100%;--awb-margin-top-large:0px;--awb-spacing-right-large:0.98%;--awb-margin-bottom-large:20px;--awb-spacing-left-large:0.98%;--awb-width-medium:80%;--awb-order-medium:0;--awb-spacing-right-medium:1.225%;--awb-spacing-left-medium:1.225%;--awb-width-small:100%;--awb-order-small:0;--awb-spacing-right-small:0.98%;--awb-spacing-left-small:0.98%;\"><div class=\"fusion-column-wrapper fusion-column-has-shadow fusion-flex-justify-content-flex-start fusion-content-layout-column\"><div class=\"fusion-text fusion-text-5\"><p style=\"text-align: center;\">Eine Kopie der Steuerstrategie von InterAmerican Coffee Ltd. finden Sie <a href=\"https:\/\/interamericancoffee.de\/wp-content\/uploads\/2025\/08\/IAC-Tax-Strategy-Update-2025.pdf\" target=\"_blank\" rel=\"noopener noreferrer\">hier<\/a>.<\/p>\n<\/div><\/div><\/div><\/div><\/div><\/div><div class=\"fusion-fullwidth fullwidth-box fusion-builder-row-3 fusion-flex-container nonhundred-percent-fullwidth non-hundred-percent-height-scrolling\" style=\"--awb-border-radius-top-left:0px;--awb-border-radius-top-right:0px;--awb-border-radius-bottom-right:0px;--awb-border-radius-bottom-left:0px;--awb-padding-right-small:20px;--awb-padding-left-small:20px;--awb-margin-top:100px;--awb-margin-bottom:50px;--awb-margin-top-medium:75px;--awb-margin-bottom-medium:75px;--awb-margin-top-small:50px;--awb-margin-bottom-small:50px;--awb-flex-wrap:wrap;\" ><div class=\"fusion-builder-row fusion-row fusion-flex-align-items-flex-start fusion-flex-justify-content-center fusion-flex-content-wrap\" style=\"max-width:1224px;margin-left: calc(-2% \/ 2 );margin-right: calc(-2% \/ 2 );\"><div class=\"fusion-layout-column fusion_builder_column fusion-builder-column-5 fusion_builder_column_1_1 1_1 fusion-flex-column\" style=\"--awb-bg-size:cover;--awb-width-large:100%;--awb-margin-top-large:0px;--awb-spacing-right-large:0.98%;--awb-margin-bottom-large:20px;--awb-spacing-left-large:0.98%;--awb-width-medium:80%;--awb-order-medium:0;--awb-spacing-right-medium:1.225%;--awb-spacing-left-medium:1.225%;--awb-width-small:100%;--awb-order-small:0;--awb-spacing-right-small:0.98%;--awb-spacing-left-small:0.98%;\"><div class=\"fusion-column-wrapper fusion-column-has-shadow fusion-flex-justify-content-flex-start fusion-content-layout-column\"><div class=\"fusion-text fusion-text-6\" style=\"--awb-text-transform:none;\"><h1 style=\"text-align: center;\">Allgemeine Nutzungsbedingungen<\/h1>\n<\/div><div class=\"fusion-separator fusion-full-width-sep\" style=\"align-self: center;margin-left: auto;margin-right: auto;margin-bottom:40px;width:100%;\"><\/div><div class=\"fusion-text fusion-text-7\"><p>Bitte besuchen Sie diese Seite regelm\u00e4ssig, um sich \u00fcber die jeweils g\u00fcltige Fassung unserer Allgemeinen Nutzungsbedingungen zu informieren.<\/p>\n<h5>I. Anwendungsbereich<\/h5>\n<p>Eine Nutzung dieser von der Neumann Gruppe GmbH (im folgenden: \u201cAnbieter\u201d) angebotenen Web-Seiten (im folgenden: \u201cWebsite\u201d) ist ausschlie\u00dflich aufgrund dieser Bedingungen zul\u00e4ssig. Der Anbieter hat das Recht, diese Allgemeinen Nutzungsbedingungen jederzeit zu erg\u00e4nzen, zu modifizieren oder Bedingungen ganz oder teilweise zu ersetzen. Durch Aufnahme der Nutzung wird die Geltung dieser Nutzungsbedingungen in ihrer jeweiligen Fassung akzeptiert.<br \/>\nSofern der Nutzer bei Nutzung der Website in Aus\u00fcbung einer gewerblichen oder selbst\u00e4ndigen beruflichen T\u00e4tigkeit oder f\u00fcr eine \u00f6ffentliche K\u00f6rperschaft handelt, findet \u00a7312e I 1 Nr. 1 bis 3 des B\u00fcrgerlichen Gesetzbuches keine Anwendung. Bei Text- und Bildinformationen, Dateien, Software und sonstigen zur Verf\u00fcgung gestellten Inhalten dieser Website (im folgenden: \u201eInhalte\u201d), die sich an Unternehmen oder \u00f6ffentliche K\u00f6rperschaften richten, wird das jeweilige Unternehmen oder die K\u00f6rperschaft durch den Nutzer vertreten und muss sich dessen Handeln und Wissen zurechnen lassen.<\/p>\n<h5>II. Verf\u00fcgbarkeit<\/h5>\n<p>Der Anbieter h\u00e4lt auf der Website Inhalte zum Abruf oder Herunterladen bereit. Der Anbieter ist berechtigt, jederzeit die Verf\u00fcgbarkeit dieser angebotenen Inhalte einzuschr\u00e4nken und den Betrieb der Website ganz oder teilweise einzustellen. Der Anbieter \u00fcbernimmt keine Gew\u00e4hr f\u00fcr die ununterbrochene Verf\u00fcgbarkeit der Website.<\/p>\n<h5>III. Urheberrecht<\/h5>\n<p>Die Nutzung der Inhalte dieser Website kann durch ein Login (Zugangskontrolle) gesch\u00fctzt werden, wobei der Zugang zu bestimmten Inhalten nur registrierten Nutzern gew\u00e4hrt wird. Der Eigent\u00fcmer beh\u00e4lt sich das Recht vor, den Zugang zu Inhalten zu beschr\u00e4nken, die zuvor uneingeschr\u00e4nkt zug\u00e4nglich waren. Jeder Nutzer, der eine Online-Registrierung vornimmt, verpflichtet sich, wahrheitsgem\u00e4\u00dfe Angaben zu machen und im Falle von \u00c4nderungen der gemachten Angaben den Betreiber unverz\u00fcglich und, soweit m\u00f6glich, in Online-Form zu informieren. Der Nutzer ist unter der von ihm bei der Registrierung angegebenen E-Mail-Adresse erreichbar. Der Betreiber lehnt es ab, die Registrierung eines Nutzers vorzunehmen.<\/p>\n<p>Nach der Registrierung erh\u00e4lt der Nutzer einen Benutzernamen und ein Passwort. Der Nutzer wird den Benutzernamen und das Passwort vertraulich behandeln und ist f\u00fcr alle Handlungen verantwortlich, die unter Verwendung des Benutzernamens und\/oder des Passwortes vorgenommen werden. Der Nutzer verpflichtet sich, den Inhaber dieser Website unverz\u00fcglich zu informieren, wenn er von einem Missbrauch des Benutzernamens und\/oder des Passworts durch unbefugte Dritte erf\u00e4hrt.<\/p>\n<p>Der Eigent\u00fcmer ist berechtigt, die Registrierung jederzeit ohne vorherige Ank\u00fcndigung oder Erkl\u00e4rung zu l\u00f6schen. Der Nutzer kann jederzeit die L\u00f6schung seiner Registrierung verlangen, vorausgesetzt, dass dieses Verlangen schriftlich erfolgt und dass die L\u00f6schung keine Auswirkungen auf die zum Zeitpunkt der L\u00f6schung bestehenden vertraglichen Verpflichtungen hat. Im Falle der L\u00f6schung einer Registrierung l\u00f6scht der Eigent\u00fcmer alle den Nutzer betreffenden Daten, sobald diese nicht mehr ben\u00f6tigt werden.<\/p>\n<h5>IV. Rechte<\/h5>\n<p>Der Inhalt dieser Website darf nur mit ausdr\u00fccklicher, vorheriger, schriftlicher Zustimmung des Eigent\u00fcmers ver\u00e4ndert, kopiert, verbreitet, verkauft, vermietet oder verpachtet, genutzt, bearbeitet oder kommerziell verwertet werden. Sollte der Nutzer \u00fcber die Website Konzepte, Ideen und Vorschl\u00e4ge einbringen, so ist es dem Eigent\u00fcmer gestattet, die Produkte und Dienstleistungen des Eigent\u00fcmers zu entwickeln, zu verbessern und f\u00fcr die Vermarktung einzusetzen, ohne dass dem Nutzer daf\u00fcr Lizenzgeb\u00fchren oder Honorare gezahlt werden.<\/p>\n<p>Der Betreiber r\u00e4umt dem Nutzer ein nicht ausschlie\u00dfliches und nicht \u00fcbertragbares Recht ein, die Inhalte der Website in dem Umfang und in der Weise zu nutzen, wie es dem durch die Ver\u00f6ffentlichung der Website durch den Betreiber verfolgten Zweck entspricht. Die Inhalte oder Teile davon d\u00fcrfen vom Nutzer nicht an Dritte verkauft, vermietet oder verpachtet oder anderweitig \u00fcbertragen werden. Au\u00dfer in den F\u00e4llen, in denen dies ausdr\u00fccklich gesetzlich vorgesehen ist, ist es dem Nutzer nicht gestattet, Inhalte der Website oder Teile davon zu ver\u00e4ndern, in eine fr\u00fchere Version umzuwandeln oder zu \u00fcbersetzen.<\/p>\n<p>Die Inhalte und diese Website sind in ihren Funktionen und in ihrer individuellen Gestaltung durch Urheberrechtsgesetze und internationale Urheberrechtsvertr\u00e4ge sowie durch weitere Rechtsinstrumente und Vereinbarungen \u00fcber geistiges Eigentum gesch\u00fctzt. Der Nutzer ist verpflichtet, diese Gesetze, Vertr\u00e4ge und Bestimmungen zu beachten, wobei die \u00a7\u00a7 69 ff. des B\u00fcrgerlichen Gesetzbuches unber\u00fchrt bleiben.<\/p>\n<p>Dem Nutzer stehen nur die hier genannten Rechte zu, insbesondere sind alle Rechte und Anspr\u00fcche am Namen und an der Firma des Inhabers sowie am gewerblichen Urheberrecht und an anderen Rechten an Patenten, Gebrauchsmustern oder Marken ausgeschlossen. Der Eigent\u00fcmer ist nicht verpflichtet, diese oder \u00e4hnliche Rechte zu gew\u00e4hren.<\/p>\n<h5>V. Pflichten<\/h5>\n<p>The user agrees not use this website to<\/p>\n<ul>\n<li>damage or defame persons<\/li>\n<li>violate generally accepted norms of behaviour<\/li>\n<li>infringe upon commercial copyrights, trademarks or other intellectual property<br \/>\nrights<\/li>\n<li>Der Nutzer darf bei Nutzung der Website nicht Personen Schaden zuf\u00fcgen oder deren Pers\u00f6nlichkeitsrechte verletzen, mit seinem Nutzungsverhalten gegen die guten Sitten versto\u00dfen, gewerbliche Schutz- und Urheberrechte oder sonstige Eigentumsrechte verletzen, Inhalte mit Viren, sog. Trojanischen Pferden oder sonstige Programmierungen, die Software besch\u00e4digen k\u00f6nnen, \u00fcbermitteln, Hyperlinks oder Inhalte eingeben, speichern oder senden, zu denen er nicht befugt ist, insbesondere wenn diese Hyperlinks oder Inhalte gegen Geheimhaltungsverpflichtungen versto\u00dfen oder rechtswidrig sind oder Werbung oder unaufgeforderte E-Mails (sogenannten \u201cSpam\u201d) oder unzutreffende Warnungen vor Viren, Fehlfunktionen und dergleichen verbreiten oder zur Teilnahme an Gewinnspielen, Schneeballsystemen, Kettenbrief-, Pyramidenspiel- und vergleichbaren Aktionen auffordern.<\/li>\n<\/ul>\n<h5>VI.Websites von Dritten<\/h5>\n<p>Diese Website kann Links zu anderen, externen Websites enthalten. Der Eigent\u00fcmer \u00fcbernimmt keine Verantwortung f\u00fcr die Inhalte oder Informationen, die auf solchen externen, verlinkten Websites zu finden sind, und macht sich diese nicht zu eigen. Die Nutzung solcher externer Links, die auf dieser Website enthalten sind, und der verlinkten externen Websites erfolgt ausschlie\u00dflich auf das Risiko des Nutzers.<\/p>\n<h5>VII. Haftung<\/h5>\n<p>Soweit Inhalte dieser Website unentgeltlich \u00fcberlassen werden, ist die Haftung f\u00fcr Sach- und Rechtsm\u00e4ngel der Inhalte ausgeschlossen, soweit nicht wegen Vorsatzes oder Arglist gehaftet wird. Im \u00fcbrigen ist jegliche Haftung des Betreibers ausgeschlossen, soweit nicht z.B. nach dem Produkthaftungsgesetz, wegen Vorsatzes oder grober Fahrl\u00e4ssigkeit, wegen Verletzung des Lebens, des K\u00f6rpers oder der Gesundheit, wegen der \u00dcbernahme einer Garantie, wegen arglistigen Verschweigens eines Mangels oder wegen sonstiger Vertragsverletzungen gehaftet wird. Der Schadensersatz f\u00fcr die Verletzung von Rechten aus dem Vertrag ist jedoch auf den vertragstypischen Schaden begrenzt, soweit nicht Vorsatz oder grobe Fahrl\u00e4ssigkeit vorliegt. Der Betreiber \u00fcbernimmt keine Garantie f\u00fcr die Virenfreiheit dieser Website. Vor dem Herunterladen von Inhalten sollte sich der Nutzer im eigenen Interesse vergewissern, dass auf seinem Computer eine angemessene Sicherheits- und Virensoftware installiert ist und benutzt wird. Die vorstehenden Bestimmungen lassen die Beweislast f\u00fcr die Rechte des Nutzers unber\u00fchrt.<\/p>\n<h5>VIII. Sonstiges<\/h5>\n<p>Nebenabreden bed\u00fcrfen der Schriftform. Es gelten die Gesetze der Bundesrepublik Deutschland unter Ausschluss des UN-Kaufrechts. Die Website wird vom Sitz des Anbieters aus betrieben und verantwortet. Der Anbieter \u00fcbernimmt keine Verantwortung daf\u00fcr, dass die Inhalte der Website auch an Orten au\u00dferhalb des Geltungsbereichs der Gesetze der Bundesrepublik Deutschland abgerufen oder heruntergeladen werden d\u00fcrfen. Wenn Nutzer von Orten au\u00dferhalb des Geltungsbereichs der Gesetze der Bundesrepublik Deutschland auf die Website zugreifen, sind sie ausschlie\u00dflich selbst f\u00fcr die Einhaltung der nach dem jeweiligen Landesrecht einschl\u00e4gigen Vorschriften verantwortlich. Die Nutzung der Website aus L\u00e4ndern, in denen der Zugang zu dieser Website rechtswidrig ist oder Inhalte dieser Website als rechtswidrig eingestuft werden, ist nicht gestattet.<\/p>\n<h5>IX. Gerichtsstand<\/h5>\n<p>Gerichtsstand ist Hamburg, Bundesrepublik Deutschland.<\/p>\n<\/div><\/div><\/div><\/div><\/div><\/p>\n","protected":false},"excerpt":{"rendered":"","protected":false},"author":2,"featured_media":0,"parent":0,"menu_order":0,"comment_status":"closed","ping_status":"open","template":"","meta":{"_acf_changed":false,"footnotes":""},"class_list":["post-19382","page","type-page","status-publish","hentry"],"acf":[],"_links":{"self":[{"href":"https:\/\/interamericancoffee.de\/de\/wp-json\/wp\/v2\/pages\/19382","targetHints":{"allow":["GET"]}}],"collection":[{"href":"https:\/\/interamericancoffee.de\/de\/wp-json\/wp\/v2\/pages"}],"about":[{"href":"https:\/\/interamericancoffee.de\/de\/wp-json\/wp\/v2\/types\/page"}],"author":[{"embeddable":true,"href":"https:\/\/interamericancoffee.de\/de\/wp-json\/wp\/v2\/users\/2"}],"replies":[{"embeddable":true,"href":"https:\/\/interamericancoffee.de\/de\/wp-json\/wp\/v2\/comments?post=19382"}],"version-history":[{"count":6,"href":"https:\/\/interamericancoffee.de\/de\/wp-json\/wp\/v2\/pages\/19382\/revisions"}],"predecessor-version":[{"id":20679,"href":"https:\/\/interamericancoffee.de\/de\/wp-json\/wp\/v2\/pages\/19382\/revisions\/20679"}],"wp:attachment":[{"href":"https:\/\/interamericancoffee.de\/de\/wp-json\/wp\/v2\/media?parent=19382"}],"curies":[{"name":"wp","href":"https:\/\/api.w.org\/{rel}","templated":true}]}}